{"id":44,"date":"2025-11-12T16:05:14","date_gmt":"2025-11-12T15:05:14","guid":{"rendered":"https:\/\/firmamentum.fr\/?page_id=44"},"modified":"2025-11-14T14:08:00","modified_gmt":"2025-11-14T13:08:00","slug":"home","status":"publish","type":"page","link":"https:\/\/firmamentum.fr\/","title":{"rendered":"Home"},"content":{"rendered":"\t\t<div data-elementor-type=\"wp-page\" data-elementor-id=\"44\" class=\"elementor elementor-44\">\n\t\t\t\t<div class=\"elementor-element elementor-element-d5cfde3 e-flex e-con-boxed e-con e-parent\" data-id=\"d5cfde3\" data-element_type=\"container\" data-settings=\"{&quot;background_background&quot;:&quot;classic&quot;}\">\n\t\t\t\t\t<div class=\"e-con-inner\">\n\t\t\t\t<div class=\"elementor-element elementor-element-ab973d0 elementor-widget elementor-widget-text-editor\" data-id=\"ab973d0\" data-element_type=\"widget\" data-widget_type=\"text-editor.default\">\n\t\t\t\t\t\t\t\t\t<h1>Firma Mentum<br \/>Fonctions support externalis\u00e9es<\/h1>\t\t\t\t\t\t\t\t<\/div>\n\t\t\t\t<div class=\"elementor-element elementor-element-1f31a81 elementor-widget elementor-widget-text-editor\" data-id=\"1f31a81\" data-element_type=\"widget\" data-widget_type=\"text-editor.default\">\n\t\t\t\t\t\t\t\t\t<p>En latin firmamentum signifie soutien, support \u2026<\/p><p>Firma Mentum propose des prestations de services externalis\u00e9s et d\u00e9di\u00e9s aux cabinets d&rsquo;avocats en fonctions support (Secr\u00e9tariat G\u00e9n\u00e9ral &#8211; Office Management \u2013 Back Office), en organisation, gestion et d\u00e9veloppement de cabinet.<\/p>\t\t\t\t\t\t\t\t<\/div>\n\t\t\t\t\t<\/div>\n\t\t\t\t<\/div>\n\t\t<div class=\"elementor-element elementor-element-76b52626 e-flex e-con-boxed e-con e-parent\" data-id=\"76b52626\" data-element_type=\"container\">\n\t\t\t\t\t<div class=\"e-con-inner\">\n\t\t\t\t<div class=\"elementor-element elementor-element-ac63d2e elementor-widget elementor-widget-text-editor\" data-id=\"ac63d2e\" data-element_type=\"widget\" data-widget_type=\"text-editor.default\">\n\t\t\t\t\t\t\t\t\t<p>Pour apporter aux avocats gains de temps, d\u2019organisation et de s\u00e9r\u00e9nit\u00e9 par un soutien global \u00e0 360\u00b0 ou un renfort sp\u00e9cifique et ponctuel, avec flexibilit\u00e9.<\/p><p><strong>Pour permettre aux avocats de s&rsquo;appuyer en toute confiance sur un prestataire qui conna\u00eet et comprend vite leurs besoins, lui d\u00e9l\u00e9guer les sujets organisationnels et op\u00e9rationnels qui doivent \u00eatre efficacement trait\u00e9s pour soutenir le d\u00e9veloppement du cabinet<\/strong>.<\/p><p>Pour accompagner les avocats afin de structurer et g\u00e9rer leur cabinet avec efficacit\u00e9, fluidit\u00e9, pragmatisme, ing\u00e9niosit\u00e9, rigueur et s\u00e9r\u00e9nit\u00e9.<\/p><p><strong>Des atouts qui deviennent ceux des avocats<\/strong> : une compr\u00e9hension rapide, une prise en mains des sujets sans monopoliser de temps, le b\u00e9n\u00e9fice d\u2019une \u00ab\u00a0bo\u00eete \u00e0 outils\u00a0\u00bb \u00e9prouv\u00e9e, et le respect de la confidentialit\u00e9 garantie.<\/p><p>Parce qu\u2019un cabinet d\u2019avocats est une entreprise comme les autres, mais avec des particularit\u00e9s ind\u00e9niables, je sais que la r\u00e9alisation de toutes les missions n\u00e9cessite une analyse et une compr\u00e9hension pertinentes, et une <strong>mise en \u0153uvre avec l\u2019intelligence forg\u00e9e par l\u2019exp\u00e9rience, le savoir-faire et le savoir-\u00eatre.<\/strong><\/p><p>Une exp\u00e9rience acquise par une immersion pendant pr\u00e8s de 6 ans au c\u0153ur de toutes les probl\u00e9matiques des avocats, qui me permet de <strong>comprendre tous les besoins des avocats et leur apporter gains de temps, d\u2019organisation et de s\u00e9r\u00e9nit\u00e9.<\/strong><\/p><p><img fetchpriority=\"high\" decoding=\"async\" class=\"alignnone wp-image-92\" src=\"https:\/\/firmamentum.fr\/wp-content\/uploads\/2025\/11\/FirmaMentum-label-cerise-1-300x300.png\" alt=\"Firma Mentum exp\u00e9rience et agilit\u00e9 au service des avocats\" width=\"237\" height=\"237\" srcset=\"https:\/\/firmamentum.fr\/wp-content\/uploads\/2025\/11\/FirmaMentum-label-cerise-1-300x300.png 300w, https:\/\/firmamentum.fr\/wp-content\/uploads\/2025\/11\/FirmaMentum-label-cerise-1-1024x1024.png 1024w, https:\/\/firmamentum.fr\/wp-content\/uploads\/2025\/11\/FirmaMentum-label-cerise-1-150x150.png 150w, https:\/\/firmamentum.fr\/wp-content\/uploads\/2025\/11\/FirmaMentum-label-cerise-1-768x768.png 768w, https:\/\/firmamentum.fr\/wp-content\/uploads\/2025\/11\/FirmaMentum-label-cerise-1-1536x1536.png 1536w, https:\/\/firmamentum.fr\/wp-content\/uploads\/2025\/11\/FirmaMentum-label-cerise-1.png 2000w\" sizes=\"(max-width: 237px) 100vw, 237px\" \/><\/p>\t\t\t\t\t\t\t\t<\/div>\n\t\t\t\t\t<\/div>\n\t\t\t\t<\/div>\n\t\t<div class=\"elementor-element elementor-element-90a9b10 e-flex e-con-boxed e-con e-parent\" data-id=\"90a9b10\" data-element_type=\"container\">\n\t\t\t\t\t<div class=\"e-con-inner\">\n\t\t\t\t<div class=\"elementor-element elementor-element-69b9738 elementor-widget elementor-widget-heading\" data-id=\"69b9738\" data-element_type=\"widget\" data-widget_type=\"heading.default\">\n\t\t\t\t\t<h2 class=\"elementor-heading-title elementor-size-default\">Les services propos\u00e9s par Firma Mentum<\/h2>\t\t\t\t<\/div>\n\t\t\t\t<div class=\"elementor-element elementor-element-f51cb01 elementor-widget elementor-widget-heading\" data-id=\"f51cb01\" data-element_type=\"widget\" data-widget_type=\"heading.default\">\n\t\t\t\t\t<h5 class=\"elementor-heading-title elementor-size-default\">l\u2018exp\u00e9rience et l\u2018agilit\u00e9 au service des avocats<\/h5>\t\t\t\t<\/div>\n\t\t<div class=\"elementor-element elementor-element-e27562f e-con-full e-flex e-con e-child\" data-id=\"e27562f\" data-element_type=\"container\">\n\t\t\t\t<div class=\"elementor-element elementor-element-37dd0e4 elementor-widget-tablet__width-initial elementor-widget-mobile__width-inherit elementor-widget__width-initial elementor-position-top elementor-widget elementor-widget-image-box\" data-id=\"37dd0e4\" data-element_type=\"widget\" data-widget_type=\"image-box.default\">\n\t\t\t\t\t<div class=\"elementor-image-box-wrapper\"><figure class=\"elementor-image-box-img\"><img decoding=\"async\" width=\"2560\" height=\"1440\" src=\"https:\/\/firmamentum.fr\/wp-content\/uploads\/2025\/11\/a-chosen-soul-iV8qibFoGMQ-unsplash-retouche-scaled.jpg\" class=\"elementor-animation-grow attachment-full size-full wp-image-73\" alt=\"Firma Mentum fonctions support externalis\u00e9es office management back office \u00e0 temps partag\u00e9\" srcset=\"https:\/\/firmamentum.fr\/wp-content\/uploads\/2025\/11\/a-chosen-soul-iV8qibFoGMQ-unsplash-retouche-scaled.jpg 2560w, https:\/\/firmamentum.fr\/wp-content\/uploads\/2025\/11\/a-chosen-soul-iV8qibFoGMQ-unsplash-retouche-300x169.jpg 300w, https:\/\/firmamentum.fr\/wp-content\/uploads\/2025\/11\/a-chosen-soul-iV8qibFoGMQ-unsplash-retouche-1024x576.jpg 1024w, https:\/\/firmamentum.fr\/wp-content\/uploads\/2025\/11\/a-chosen-soul-iV8qibFoGMQ-unsplash-retouche-768x432.jpg 768w, https:\/\/firmamentum.fr\/wp-content\/uploads\/2025\/11\/a-chosen-soul-iV8qibFoGMQ-unsplash-retouche-1536x864.jpg 1536w, https:\/\/firmamentum.fr\/wp-content\/uploads\/2025\/11\/a-chosen-soul-iV8qibFoGMQ-unsplash-retouche-2048x1152.jpg 2048w\" sizes=\"(max-width: 2560px) 100vw, 2560px\" \/><\/figure><div class=\"elementor-image-box-content\"><h4 class=\"elementor-image-box-title\">Fonctions support externalis\u00e9es <\/h4><p class=\"elementor-image-box-description\">Des interventions qui couvrent des th\u00e9matiques vari\u00e9es et \u00e9tendues : administratif, financier et contr\u00f4le de gestion, syst\u00e8mes d\u2019information, ressources humaines, communication et marketing, business d\u00e9veloppement, documentation, achats, services g\u00e9n\u00e9raux\u2026<\/p><\/div><\/div>\t\t\t\t<\/div>\n\t\t\t\t<div class=\"elementor-element elementor-element-b34706c elementor-widget-tablet__width-initial elementor-widget-mobile__width-inherit elementor-widget__width-initial elementor-position-top elementor-widget elementor-widget-image-box\" data-id=\"b34706c\" data-element_type=\"widget\" data-widget_type=\"image-box.default\">\n\t\t\t\t\t<div class=\"elementor-image-box-wrapper\"><figure class=\"elementor-image-box-img\"><img decoding=\"async\" width=\"2560\" height=\"1440\" src=\"https:\/\/firmamentum.fr\/wp-content\/uploads\/2025\/11\/a-chosen-soul-iV8qibFoGMQ-unsplash-retouche-1-scaled.jpg\" class=\"elementor-animation-grow attachment-full size-full wp-image-81\" alt=\"\" srcset=\"https:\/\/firmamentum.fr\/wp-content\/uploads\/2025\/11\/a-chosen-soul-iV8qibFoGMQ-unsplash-retouche-1-scaled.jpg 2560w, https:\/\/firmamentum.fr\/wp-content\/uploads\/2025\/11\/a-chosen-soul-iV8qibFoGMQ-unsplash-retouche-1-300x169.jpg 300w, https:\/\/firmamentum.fr\/wp-content\/uploads\/2025\/11\/a-chosen-soul-iV8qibFoGMQ-unsplash-retouche-1-1024x576.jpg 1024w, https:\/\/firmamentum.fr\/wp-content\/uploads\/2025\/11\/a-chosen-soul-iV8qibFoGMQ-unsplash-retouche-1-768x432.jpg 768w, https:\/\/firmamentum.fr\/wp-content\/uploads\/2025\/11\/a-chosen-soul-iV8qibFoGMQ-unsplash-retouche-1-1536x864.jpg 1536w, https:\/\/firmamentum.fr\/wp-content\/uploads\/2025\/11\/a-chosen-soul-iV8qibFoGMQ-unsplash-retouche-1-2048x1152.jpg 2048w\" sizes=\"(max-width: 2560px) 100vw, 2560px\" \/><\/figure><div class=\"elementor-image-box-content\"><h4 class=\"elementor-image-box-title\">Assistance \u00e0 projets <\/h4><p class=\"elementor-image-box-description\">D\u00e9ploiements de syst\u00e8mes d\u2019information (outils d\u2019IA, logiciel m\u00e9tier, mise en conformit\u00e9 \u00e0 la facturation \u00e9lectronique ..), accompagnement \u00e0 la certification Qualiopi, organisation de s\u00e9minaires (soutien \u00e0 la th\u00e9matique, aux r\u00e9flexions de fonds pr\u00e9paratoires et pr\u00e9sentations finales, \u00e0 l\u2019organisation pratique) ou organisation d\u2019\u00e9v\u00e8nements cabinet (assistante compl\u00e8te cl\u00e9 en mains)...<\/p><\/div><\/div>\t\t\t\t<\/div>\n\t\t\t\t<div class=\"elementor-element elementor-element-f6a4c6e elementor-widget-tablet__width-initial elementor-widget-mobile__width-inherit elementor-widget__width-initial elementor-position-top elementor-widget elementor-widget-image-box\" data-id=\"f6a4c6e\" data-element_type=\"widget\" data-widget_type=\"image-box.default\">\n\t\t\t\t\t<div class=\"elementor-image-box-wrapper\"><figure class=\"elementor-image-box-img\"><img decoding=\"async\" width=\"2560\" height=\"1440\" src=\"https:\/\/firmamentum.fr\/wp-content\/uploads\/2025\/11\/a-chosen-soul-iV8qibFoGMQ-unsplash-retouche-1-scaled.jpg\" class=\"elementor-animation-grow attachment-full size-full wp-image-81\" alt=\"\" srcset=\"https:\/\/firmamentum.fr\/wp-content\/uploads\/2025\/11\/a-chosen-soul-iV8qibFoGMQ-unsplash-retouche-1-scaled.jpg 2560w, https:\/\/firmamentum.fr\/wp-content\/uploads\/2025\/11\/a-chosen-soul-iV8qibFoGMQ-unsplash-retouche-1-300x169.jpg 300w, https:\/\/firmamentum.fr\/wp-content\/uploads\/2025\/11\/a-chosen-soul-iV8qibFoGMQ-unsplash-retouche-1-1024x576.jpg 1024w, https:\/\/firmamentum.fr\/wp-content\/uploads\/2025\/11\/a-chosen-soul-iV8qibFoGMQ-unsplash-retouche-1-768x432.jpg 768w, https:\/\/firmamentum.fr\/wp-content\/uploads\/2025\/11\/a-chosen-soul-iV8qibFoGMQ-unsplash-retouche-1-1536x864.jpg 1536w, https:\/\/firmamentum.fr\/wp-content\/uploads\/2025\/11\/a-chosen-soul-iV8qibFoGMQ-unsplash-retouche-1-2048x1152.jpg 2048w\" sizes=\"(max-width: 2560px) 100vw, 2560px\" \/><\/figure><div class=\"elementor-image-box-content\"><h4 class=\"elementor-image-box-title\">Audits-diagnostics et conseils <\/h4><p class=\"elementor-image-box-description\">Analyser l\u2019organisation ou r\u00e9aliser un diagnostic de la situation de votre cabinet pour apporter un diagnostic clair et viser des pr\u00e9conisations et conseils adapt\u00e9s, orient\u00e9s vers une application concr\u00e8te qui apporte de la valeur ajout\u00e9e.<\/p><\/div><\/div>\t\t\t\t<\/div>\n\t\t\t\t<div class=\"elementor-element elementor-element-b6dccfe elementor-widget-tablet__width-initial elementor-widget-mobile__width-inherit elementor-widget__width-initial elementor-position-top elementor-widget elementor-widget-image-box\" data-id=\"b6dccfe\" data-element_type=\"widget\" data-widget_type=\"image-box.default\">\n\t\t\t\t\t<div class=\"elementor-image-box-wrapper\"><figure class=\"elementor-image-box-img\"><img decoding=\"async\" width=\"2560\" height=\"1440\" src=\"https:\/\/firmamentum.fr\/wp-content\/uploads\/2025\/11\/a-chosen-soul-iV8qibFoGMQ-unsplash-retouche-1-scaled.jpg\" class=\"elementor-animation-grow attachment-full size-full wp-image-81\" alt=\"\" srcset=\"https:\/\/firmamentum.fr\/wp-content\/uploads\/2025\/11\/a-chosen-soul-iV8qibFoGMQ-unsplash-retouche-1-scaled.jpg 2560w, https:\/\/firmamentum.fr\/wp-content\/uploads\/2025\/11\/a-chosen-soul-iV8qibFoGMQ-unsplash-retouche-1-300x169.jpg 300w, https:\/\/firmamentum.fr\/wp-content\/uploads\/2025\/11\/a-chosen-soul-iV8qibFoGMQ-unsplash-retouche-1-1024x576.jpg 1024w, https:\/\/firmamentum.fr\/wp-content\/uploads\/2025\/11\/a-chosen-soul-iV8qibFoGMQ-unsplash-retouche-1-768x432.jpg 768w, https:\/\/firmamentum.fr\/wp-content\/uploads\/2025\/11\/a-chosen-soul-iV8qibFoGMQ-unsplash-retouche-1-1536x864.jpg 1536w, https:\/\/firmamentum.fr\/wp-content\/uploads\/2025\/11\/a-chosen-soul-iV8qibFoGMQ-unsplash-retouche-1-2048x1152.jpg 2048w\" sizes=\"(max-width: 2560px) 100vw, 2560px\" \/><\/figure><div class=\"elementor-image-box-content\"><h4 class=\"elementor-image-box-title\">D\u00e9ploiement d\u2018outils de gestion ou formations <\/h4><p class=\"elementor-image-box-description\">Tableaux de bord et suivis de KPIs, budget automatisable, suivis de recouvrement et relances, support de r\u00e9ponses aux appels d\u2019offres, outils de communication, formation \u00e0 la compr\u00e9hension des enjeux financiers cl\u00e9s en cabinet d\u2019avocats ou formation \u00ab sur mesure \u00bb.<\/p><\/div><\/div>\t\t\t\t<\/div>\n\t\t\t\t<\/div>\n\t\t\t\t\t<\/div>\n\t\t\t\t<\/div>\n\t\t<div class=\"elementor-element elementor-element-4c3cac6b e-flex e-con-boxed e-con e-parent\" data-id=\"4c3cac6b\" data-element_type=\"container\">\n\t\t\t\t\t<div class=\"e-con-inner\">\n\t\t<div class=\"elementor-element elementor-element-34530233 e-con-full e-flex e-con e-child\" data-id=\"34530233\" data-element_type=\"container\">\n\t\t\t\t<div class=\"elementor-element elementor-element-708fffb elementor-widget elementor-widget-image\" data-id=\"708fffb\" data-element_type=\"widget\" data-widget_type=\"image.default\">\n\t\t\t\t\t\t\t\t\t\t\t\t\t\t\t<img loading=\"lazy\" decoding=\"async\" width=\"768\" height=\"1024\" src=\"https:\/\/firmamentum.fr\/wp-content\/uploads\/2025\/11\/photo-VBG-assise-HD-768x1024.jpeg\" class=\"attachment-large size-large wp-image-83\" alt=\"Visnia BOCCON-GIBOD Fonctions support externalis\u00e9es office management \u00e0 temps partag\u00e9\" srcset=\"https:\/\/firmamentum.fr\/wp-content\/uploads\/2025\/11\/photo-VBG-assise-HD-768x1024.jpeg 768w, https:\/\/firmamentum.fr\/wp-content\/uploads\/2025\/11\/photo-VBG-assise-HD-225x300.jpeg 225w, https:\/\/firmamentum.fr\/wp-content\/uploads\/2025\/11\/photo-VBG-assise-HD-1152x1536.jpeg 1152w, https:\/\/firmamentum.fr\/wp-content\/uploads\/2025\/11\/photo-VBG-assise-HD-1536x2048.jpeg 1536w, https:\/\/firmamentum.fr\/wp-content\/uploads\/2025\/11\/photo-VBG-assise-HD-scaled.jpeg 1920w\" sizes=\"(max-width: 768px) 100vw, 768px\" \/>\t\t\t\t\t\t\t\t\t\t\t\t\t\t\t<\/div>\n\t\t\t\t<\/div>\n\t\t<div class=\"elementor-element elementor-element-38737bf9 e-con-full e-flex e-con e-child\" data-id=\"38737bf9\" data-element_type=\"container\">\n\t\t\t\t<div class=\"elementor-element elementor-element-4fa4a666 elementor-widget elementor-widget-heading\" data-id=\"4fa4a666\" data-element_type=\"widget\" data-widget_type=\"heading.default\">\n\t\t\t\t\t<h2 class=\"elementor-heading-title elementor-size-default\">Je suis Visnia BOCCON-GIBOD<\/h2>\t\t\t\t<\/div>\n\t\t\t\t<div class=\"elementor-element elementor-element-3e691c69 elementor-widget elementor-widget-text-editor\" data-id=\"3e691c69\" data-element_type=\"widget\" data-widget_type=\"text-editor.default\">\n\t\t\t\t\t\t\t\t\t<p>Dipl\u00f4m\u00e9e de Neoma Business School, j\u2019ai d\u00e9but\u00e9 ma carri\u00e8re comme Auditrice pendant 4 ans au sein de la renomm\u00e9e et tr\u00e8s formatrice institution Arthur Andersen, puis j\u2019ai acquis une riche et forte exp\u00e9rience de pr\u00e8s de 20 ans comme Directeur Administratif et Financier de diverses PME, principalement dans les services, de Chef de Projet en grand groupe rattach\u00e9e \u00e0 la division finance Europe, et d\u2019organisation familiale avec 3 expatriations \u00e0 l\u2019international (Asie, Am\u00e9rique du Sud, Europe).<\/p><p>Au cours de ces 6 derni\u00e8res ann\u00e9es,\u00a0j\u2019ai occup\u00e9 les fonctions de Secr\u00e9taire G\u00e9n\u00e9rale (LexCase Soci\u00e9t\u00e9 d\u2019Avocats puis DELSOL Avocats), en participant activement aux c\u00f4t\u00e9s des associ\u00e9s \u00e0 la direction g\u00e9n\u00e9rale des cabinets, leur gestion, structuration et d\u00e9veloppement. En septembre 2025, j&rsquo;ai cr\u00e9\u00e9 FIRMA MENTUM pour mettre mon exp\u00e9rience et mes comp\u00e9tences \u00e0 leur service :<\/p><p><strong>Une entrepreneuse adaptable au service d\u2018avocats entrepreneurs.<\/strong><\/p>\t\t\t\t\t\t\t\t<\/div>\n\t\t\t\t<\/div>\n\t\t\t\t\t<\/div>\n\t\t\t\t<\/div>\n\t\t<div class=\"elementor-element elementor-element-77c342f e-flex e-con-boxed e-con e-parent\" data-id=\"77c342f\" data-element_type=\"container\">\n\t\t\t\t\t<div class=\"e-con-inner\">\n\t\t\t\t<div class=\"elementor-element elementor-element-4dcc6fb elementor-widget elementor-widget-heading\" data-id=\"4dcc6fb\" data-element_type=\"widget\" data-widget_type=\"heading.default\">\n\t\t\t\t\t<h2 class=\"elementor-heading-title elementor-size-default\"> A Propos<\/h2>\t\t\t\t<\/div>\n\t\t\t\t<div class=\"elementor-element elementor-element-d32c23d elementor-widget elementor-widget-text-editor\" data-id=\"d32c23d\" data-element_type=\"widget\" data-widget_type=\"text-editor.default\">\n\t\t\t\t\t\t\t\t\t<p>Firma Mentum, SASU au capital de 1 500\u20ac, immatricul\u00e9e au RCS de Lyon n\u00b0 991 191 511, APE 7022Z, TVA FR66991191511, si\u00e8ge\u00a0: 6 chemin de Grandvaux \u2013 69130 Ecully<\/p><p><a href=\"https:\/\/www.linkedin.com\/in\/visnia-boccon-gibod\/\" target=\"_blank\" rel=\"noopener\">https:\/\/www.linkedin.com\/in\/visnia-boccon-gibod\/<\/a><\/p><p>Lyon, Paris, R\u00e9gions Auvergne-Rh\u00f4ne-Alpes et PACA<\/p>\t\t\t\t\t\t\t\t<\/div>\n\t\t\t\t\t<\/div>\n\t\t\t\t<\/div>\n\t\t\t\t<\/div>\n\t\t","protected":false},"excerpt":{"rendered":"<p>Firma MentumFonctions support externalis\u00e9es En latin firmamentum signifie soutien, support \u2026 Firma Mentum propose des prestations de services externalis\u00e9s et d\u00e9di\u00e9s aux cabinets d&rsquo;avocats en fonctions support (Secr\u00e9tariat G\u00e9n\u00e9ral &#8211; Office Management \u2013 Back Office), en organisation, gestion et d\u00e9veloppement de cabinet. Pour apporter aux avocats gains de temps, d\u2019organisation et de s\u00e9r\u00e9nit\u00e9 par un [&hellip;]<\/p>\n","protected":false},"author":1,"featured_media":72,"parent":0,"menu_order":0,"comment_status":"closed","ping_status":"closed","template":"elementor_header_footer","meta":{"footnotes":""},"class_list":["post-44","page","type-page","status-publish","has-post-thumbnail","hentry"],"_links":{"self":[{"href":"https:\/\/firmamentum.fr\/index.php?rest_route=\/wp\/v2\/pages\/44","targetHints":{"allow":["GET"]}}],"collection":[{"href":"https:\/\/firmamentum.fr\/index.php?rest_route=\/wp\/v2\/pages"}],"about":[{"href":"https:\/\/firmamentum.fr\/index.php?rest_route=\/wp\/v2\/types\/page"}],"author":[{"embeddable":true,"href":"https:\/\/firmamentum.fr\/index.php?rest_route=\/wp\/v2\/users\/1"}],"replies":[{"embeddable":true,"href":"https:\/\/firmamentum.fr\/index.php?rest_route=%2Fwp%2Fv2%2Fcomments&post=44"}],"version-history":[{"count":49,"href":"https:\/\/firmamentum.fr\/index.php?rest_route=\/wp\/v2\/pages\/44\/revisions"}],"predecessor-version":[{"id":127,"href":"https:\/\/firmamentum.fr\/index.php?rest_route=\/wp\/v2\/pages\/44\/revisions\/127"}],"wp:featuredmedia":[{"embeddable":true,"href":"https:\/\/firmamentum.fr\/index.php?rest_route=\/wp\/v2\/media\/72"}],"wp:attachment":[{"href":"https:\/\/firmamentum.fr\/index.php?rest_route=%2Fwp%2Fv2%2Fmedia&parent=44"}],"curies":[{"name":"wp","href":"https:\/\/api.w.org\/{rel}","templated":true}]}}